{"id":4561,"date":"2020-04-27T10:10:50","date_gmt":"2020-04-27T09:10:50","guid":{"rendered":"http:\/\/www.drambrozy.at\/?page_id=4561"},"modified":"2022-12-07T20:11:41","modified_gmt":"2022-12-07T19:11:41","slug":"knie-2","status":"publish","type":"page","link":"https:\/\/www.drambrozy.at\/?page_id=4561","title":{"rendered":"Knie"},"content":{"rendered":"\n<p>Knieschmerzen k\u00f6nnen durch eine Vielzahl von Pathologien entstehen. Die Aufgabe des behandelnden Arztes ist es, diese Pathologie du detektieren und dem Patienten\/der Patientin die Behandlungsm\u00f6glichkeiten auf zu zeigen. Die Behandlung ist individuell, von mehreren Faktoren (Alter, Allgemeinzustand ect.) abh\u00e4ngig und sollte immer ganzheitlich gesehen werden. Der Patientenwunsch muss immer an erster Stelle stehen. Daher ist eine pers\u00f6nliche Begutachtung des Patienten\/ der Patientin immer unumg\u00e4nglich.<\/p>\n\n\n\n<p>Die konservative (=nicht operative) Therapie umfasst Injektionen in das Kniegelenk, Beinachsenkorrekturen durch orthop\u00e4dische Fu\u00dfeinlagen, Physiotherapie und die medikament\u00f6se Einstellung. Sollte die konservative Therapie nicht zum gew\u00fcnschten Erfolg f\u00fchren, kann an ein operatives Vorgehen gedacht werden.<\/p>\n\n\n\n<p><\/p>\n\n\n\n<p><\/p>\n\n\n\n<p><strong>Knietotalendoprothetik<\/strong><\/p>\n\n\n\n<p>Eine Gonarthrose (Kniearthrose oder Kniegelenksarthrose) ist eine degenerative Erkrankung des Kniegelenks, bei der sich das Kniegelenk zunehmend&nbsp;<strong><em>abn\u00fctzt<\/em><\/strong>. Die Abn\u00fctzung kann sich vorwiegend auf der Innenseite oder der Au\u00dfenseite des Gelenks befinden. Zumeist sind jedoch sowohl die Innen- als auch die Au\u00dfenseite betroffen. <\/p>\n\n\n\n<figure class=\"wp-block-image size-large\"><img loading=\"lazy\" decoding=\"async\" width=\"610\" height=\"399\" src=\"https:\/\/www.drambrozy.at\/wp-content\/uploads\/2020\/04\/grafik-kniegelenk-arthrose.jpg\" alt=\"\" class=\"wp-image-4647\" srcset=\"https:\/\/www.drambrozy.at\/wp-content\/uploads\/2020\/04\/grafik-kniegelenk-arthrose.jpg 610w, https:\/\/www.drambrozy.at\/wp-content\/uploads\/2020\/04\/grafik-kniegelenk-arthrose-300x196.jpg 300w\" sizes=\"auto, (max-width: 610px) 100vw, 610px\" \/><\/figure>\n\n\n\n<p>Im Fr\u00fchstadium verursacht eine Abn\u00fctzung des Knorpels im Kniegelenk oft keine oder nur wenige Beschwerden. In einem fortgeschrittenen Stadium treten zunehmend Schmerzen und eine Einschr\u00e4nkung der Beweglichkeit auf. Dies kann die Lebensqualit\u00e4t deutlich beeintr\u00e4chtigen .&nbsp;Wie oben bereits erw\u00e4hnt kann man hier, zun\u00e4chst die <strong>konservative Therapie<\/strong> ausreizen. Hierzu z\u00e4hlen intraartikul\u00e4re Injektionen (= Injektionen direkt in das Gelenk) mit Lokalan\u00e4sthetikum\/Kortison oder <strong>Hyalurons\u00e4ure<\/strong>. <\/p>\n\n\n\n<p>Eine einseitig betonte Abn\u00fctzung ( innen <strong>oder<\/strong> au\u00dfen) kann mit einer <em>Teilendoprothese (= Hemischlitten)<\/em> beantwortet werden. Sollte eine generalisierte Abn\u00fctzungen (innen <strong>und <\/strong>au\u00dfen) vorhanden sein, so Bedarf es der Versorgung mittels <em>Totalendo<\/em>prothese.<\/p>\n\n\n\n<figure class=\"wp-block-image size-large\"><img loading=\"lazy\" decoding=\"async\" width=\"500\" height=\"377\" src=\"https:\/\/www.drambrozy.at\/wp-content\/uploads\/2020\/04\/hemi_te.jpg\" alt=\"\" class=\"wp-image-4648\" srcset=\"https:\/\/www.drambrozy.at\/wp-content\/uploads\/2020\/04\/hemi_te.jpg 500w, https:\/\/www.drambrozy.at\/wp-content\/uploads\/2020\/04\/hemi_te-300x226.jpg 300w\" sizes=\"auto, (max-width: 500px) 100vw, 500px\" \/><\/figure>\n\n\n\n<p><\/p>\n\n\n\n<p>Im Bedarfsfall werden auch  personifizierte Kniegelenke (MyKnee; Fa.Medacta) eingebaut.<\/p>\n\n\n\n<p>Gerne informiere und berate ich sie in einem pers\u00f6nlichen Gespr\u00e4ch&#8230;<\/p>\n\n\n\n<p><strong>Arthroskopische Kniegelenksoperation<\/strong><br>Meniskusteilresektionen, Meniskusnaht, Kreuzbandoperation, Knorpelmanagement<\/p>\n\n\n\n<p style=\"font-size:17px\"><strong>Umstellungsosteotomie<\/strong><\/p>\n\n\n\n<p>Bei einseitig betonter Gonarthrose (siehe oben) gibt es bei bestimmten Indikationen auch die M\u00f6glichkeit der<strong><em> gelenkserhaltenden<\/em><\/strong> Operation. Hierbei wird die Beinachse des Kniegelenks so umgestellt, dass es in weiterer Folge zu einer Entlastung des bereits abgen\u00fctzten Kniekompartments kommt. Hierbei wird zum Beispiel ein vorhandenes leichtes O-Bein (varus) in ein leichtes X-Bein umgewandelt. Diese Operation bedarf einer genauen Indikationsstellung.<\/p>\n\n\n\n<figure class=\"wp-block-image size-large\"><img loading=\"lazy\" decoding=\"async\" width=\"1024\" height=\"650\" src=\"https:\/\/www.drambrozy.at\/wp-content\/uploads\/2020\/04\/HTO-1024x650.jpg\" alt=\"\" class=\"wp-image-4650\" srcset=\"https:\/\/www.drambrozy.at\/wp-content\/uploads\/2020\/04\/HTO-1024x650.jpg 1024w, https:\/\/www.drambrozy.at\/wp-content\/uploads\/2020\/04\/HTO-300x190.jpg 300w, https:\/\/www.drambrozy.at\/wp-content\/uploads\/2020\/04\/HTO-768x487.jpg 768w, https:\/\/www.drambrozy.at\/wp-content\/uploads\/2020\/04\/HTO-1536x975.jpg 1536w, https:\/\/www.drambrozy.at\/wp-content\/uploads\/2020\/04\/HTO.jpg 1820w\" sizes=\"auto, (max-width: 1024px) 100vw, 1024px\" \/><figcaption>links: gerade Beinachse; Mitte: O-Bein; rechts: X-Bein (c) www.ortho-clinic.ch<\/figcaption><\/figure>\n\n\n\n<p style=\"font-size:-3px\"><\/p>\n","protected":false},"excerpt":{"rendered":"<p>Knieschmerzen k\u00f6nnen durch eine Vielzahl von Pathologien entstehen. Die Aufgabe des behandelnden Arztes ist es, diese Pathologie du detektieren und dem Patienten\/der Patientin die Behandlungsm\u00f6glichkeiten auf zu zeigen. Die Behandlung ist individuell, von mehreren Faktoren (Alter, Allgemeinzustand ect.) abh\u00e4ngig und sollte immer ganzheitlich gesehen werden. Der Patientenwunsch muss immer an [&hellip;]<\/p>\n","protected":false},"author":1,"featured_media":4546,"parent":0,"menu_order":0,"comment_status":"closed","ping_status":"closed","template":"","meta":{"footnotes":""},"class_list":["post-4561","page","type-page","status-publish","has-post-thumbnail","hentry"],"yoast_head":"<!-- This site is optimized with the Yoast SEO plugin v26.6 - https:\/\/yoast.com\/wordpress\/plugins\/seo\/ -->\n<title>Knie - Dr.med.univ. Peter Ambrozy<\/title>\n<meta name=\"description\" content=\"Knie - Knieschmerzen k\u00f6nnen durch eine Vielzahl von Pathologien entstehen. Die Aufgabe des behandelnden Arztes ist es.\" \/>\n<meta name=\"robots\" content=\"index, follow, max-snippet:-1, max-image-preview:large, max-video-preview:-1\" \/>\n<link rel=\"canonical\" href=\"https:\/\/www.drambrozy.at\/?page_id=4561\" \/>\n<meta property=\"og:locale\" content=\"en_US\" \/>\n<meta property=\"og:type\" content=\"article\" \/>\n<meta property=\"og:title\" content=\"Knie - Dr.med.univ. Peter Ambrozy\" \/>\n<meta property=\"og:description\" content=\"Knie - Knieschmerzen k\u00f6nnen durch eine Vielzahl von Pathologien entstehen. Die Aufgabe des behandelnden Arztes ist es.\" \/>\n<meta property=\"og:url\" content=\"https:\/\/www.drambrozy.at\/?page_id=4561\" \/>\n<meta property=\"og:site_name\" content=\"Dr.med.univ. Peter Ambrozy\" \/>\n<meta property=\"article:modified_time\" content=\"2022-12-07T19:11:41+00:00\" \/>\n<meta property=\"og:image\" content=\"https:\/\/www.drambrozy.at\/wp-content\/uploads\/2020\/04\/knie.jpg\" \/>\n\t<meta property=\"og:image:width\" content=\"1280\" \/>\n\t<meta property=\"og:image:height\" content=\"900\" \/>\n\t<meta property=\"og:image:type\" content=\"image\/jpeg\" \/>\n<meta name=\"twitter:card\" content=\"summary_large_image\" \/>\n<meta name=\"twitter:label1\" content=\"Est. reading time\" \/>\n\t<meta name=\"twitter:data1\" content=\"3 minutes\" \/>\n<script type=\"application\/ld+json\" class=\"yoast-schema-graph\">{\"@context\":\"https:\/\/schema.org\",\"@graph\":[{\"@type\":\"WebPage\",\"@id\":\"https:\/\/www.drambrozy.at\/?page_id=4561\",\"url\":\"https:\/\/www.drambrozy.at\/?page_id=4561\",\"name\":\"Knie - Dr.med.univ. Peter Ambrozy\",\"isPartOf\":{\"@id\":\"https:\/\/www.drambrozy.at\/#website\"},\"primaryImageOfPage\":{\"@id\":\"https:\/\/www.drambrozy.at\/?page_id=4561#primaryimage\"},\"image\":{\"@id\":\"https:\/\/www.drambrozy.at\/?page_id=4561#primaryimage\"},\"thumbnailUrl\":\"https:\/\/www.drambrozy.at\/wp-content\/uploads\/2020\/04\/knie.jpg\",\"datePublished\":\"2020-04-27T09:10:50+00:00\",\"dateModified\":\"2022-12-07T19:11:41+00:00\",\"description\":\"Knie - Knieschmerzen k\u00f6nnen durch eine Vielzahl von Pathologien entstehen. Die Aufgabe des behandelnden Arztes ist es.\",\"breadcrumb\":{\"@id\":\"https:\/\/www.drambrozy.at\/?page_id=4561#breadcrumb\"},\"inLanguage\":\"en-US\",\"potentialAction\":[{\"@type\":\"ReadAction\",\"target\":[\"https:\/\/www.drambrozy.at\/?page_id=4561\"]}]},{\"@type\":\"ImageObject\",\"inLanguage\":\"en-US\",\"@id\":\"https:\/\/www.drambrozy.at\/?page_id=4561#primaryimage\",\"url\":\"https:\/\/www.drambrozy.at\/wp-content\/uploads\/2020\/04\/knie.jpg\",\"contentUrl\":\"https:\/\/www.drambrozy.at\/wp-content\/uploads\/2020\/04\/knie.jpg\",\"width\":1280,\"height\":900,\"caption\":\"knie\"},{\"@type\":\"BreadcrumbList\",\"@id\":\"https:\/\/www.drambrozy.at\/?page_id=4561#breadcrumb\",\"itemListElement\":[{\"@type\":\"ListItem\",\"position\":1,\"name\":\"Home\",\"item\":\"https:\/\/www.drambrozy.at\/\"},{\"@type\":\"ListItem\",\"position\":2,\"name\":\"Knie\"}]},{\"@type\":\"WebSite\",\"@id\":\"https:\/\/www.drambrozy.at\/#website\",\"url\":\"https:\/\/www.drambrozy.at\/\",\"name\":\"Dr.med.univ. Peter Ambrozy\",\"description\":\"Facharzt f\u00fcr Orthop\u00e4die und Traumatologie\",\"publisher\":{\"@id\":\"https:\/\/www.drambrozy.at\/#\/schema\/person\/74f2d4a160219202ccdd31cea3fca153\"},\"potentialAction\":[{\"@type\":\"SearchAction\",\"target\":{\"@type\":\"EntryPoint\",\"urlTemplate\":\"https:\/\/www.drambrozy.at\/?s={search_term_string}\"},\"query-input\":{\"@type\":\"PropertyValueSpecification\",\"valueRequired\":true,\"valueName\":\"search_term_string\"}}],\"inLanguage\":\"en-US\"},{\"@type\":[\"Person\",\"Organization\"],\"@id\":\"https:\/\/www.drambrozy.at\/#\/schema\/person\/74f2d4a160219202ccdd31cea3fca153\",\"name\":\"admin\",\"image\":{\"@type\":\"ImageObject\",\"inLanguage\":\"en-US\",\"@id\":\"https:\/\/www.drambrozy.at\/#\/schema\/person\/image\/\",\"url\":\"https:\/\/www.drambrozy.at\/wp-content\/uploads\/2021\/02\/cropped-logo_2_522_hplinkoben.png\",\"contentUrl\":\"https:\/\/www.drambrozy.at\/wp-content\/uploads\/2021\/02\/cropped-logo_2_522_hplinkoben.png\",\"width\":800,\"height\":535,\"caption\":\"admin\"},\"logo\":{\"@id\":\"https:\/\/www.drambrozy.at\/#\/schema\/person\/image\/\"}}]}<\/script>\n<!-- \/ Yoast SEO plugin. -->","yoast_head_json":{"title":"Knie - Dr.med.univ. Peter Ambrozy","description":"Knie - Knieschmerzen k\u00f6nnen durch eine Vielzahl von Pathologien entstehen. Die Aufgabe des behandelnden Arztes ist es.","robots":{"index":"index","follow":"follow","max-snippet":"max-snippet:-1","max-image-preview":"max-image-preview:large","max-video-preview":"max-video-preview:-1"},"canonical":"https:\/\/www.drambrozy.at\/?page_id=4561","og_locale":"en_US","og_type":"article","og_title":"Knie - Dr.med.univ. Peter Ambrozy","og_description":"Knie - Knieschmerzen k\u00f6nnen durch eine Vielzahl von Pathologien entstehen. Die Aufgabe des behandelnden Arztes ist es.","og_url":"https:\/\/www.drambrozy.at\/?page_id=4561","og_site_name":"Dr.med.univ. Peter Ambrozy","article_modified_time":"2022-12-07T19:11:41+00:00","og_image":[{"width":1280,"height":900,"url":"https:\/\/www.drambrozy.at\/wp-content\/uploads\/2020\/04\/knie.jpg","type":"image\/jpeg"}],"twitter_card":"summary_large_image","twitter_misc":{"Est. reading time":"3 minutes"},"schema":{"@context":"https:\/\/schema.org","@graph":[{"@type":"WebPage","@id":"https:\/\/www.drambrozy.at\/?page_id=4561","url":"https:\/\/www.drambrozy.at\/?page_id=4561","name":"Knie - Dr.med.univ. Peter Ambrozy","isPartOf":{"@id":"https:\/\/www.drambrozy.at\/#website"},"primaryImageOfPage":{"@id":"https:\/\/www.drambrozy.at\/?page_id=4561#primaryimage"},"image":{"@id":"https:\/\/www.drambrozy.at\/?page_id=4561#primaryimage"},"thumbnailUrl":"https:\/\/www.drambrozy.at\/wp-content\/uploads\/2020\/04\/knie.jpg","datePublished":"2020-04-27T09:10:50+00:00","dateModified":"2022-12-07T19:11:41+00:00","description":"Knie - Knieschmerzen k\u00f6nnen durch eine Vielzahl von Pathologien entstehen. Die Aufgabe des behandelnden Arztes ist es.","breadcrumb":{"@id":"https:\/\/www.drambrozy.at\/?page_id=4561#breadcrumb"},"inLanguage":"en-US","potentialAction":[{"@type":"ReadAction","target":["https:\/\/www.drambrozy.at\/?page_id=4561"]}]},{"@type":"ImageObject","inLanguage":"en-US","@id":"https:\/\/www.drambrozy.at\/?page_id=4561#primaryimage","url":"https:\/\/www.drambrozy.at\/wp-content\/uploads\/2020\/04\/knie.jpg","contentUrl":"https:\/\/www.drambrozy.at\/wp-content\/uploads\/2020\/04\/knie.jpg","width":1280,"height":900,"caption":"knie"},{"@type":"BreadcrumbList","@id":"https:\/\/www.drambrozy.at\/?page_id=4561#breadcrumb","itemListElement":[{"@type":"ListItem","position":1,"name":"Home","item":"https:\/\/www.drambrozy.at\/"},{"@type":"ListItem","position":2,"name":"Knie"}]},{"@type":"WebSite","@id":"https:\/\/www.drambrozy.at\/#website","url":"https:\/\/www.drambrozy.at\/","name":"Dr.med.univ. Peter Ambrozy","description":"Facharzt f\u00fcr Orthop\u00e4die und Traumatologie","publisher":{"@id":"https:\/\/www.drambrozy.at\/#\/schema\/person\/74f2d4a160219202ccdd31cea3fca153"},"potentialAction":[{"@type":"SearchAction","target":{"@type":"EntryPoint","urlTemplate":"https:\/\/www.drambrozy.at\/?s={search_term_string}"},"query-input":{"@type":"PropertyValueSpecification","valueRequired":true,"valueName":"search_term_string"}}],"inLanguage":"en-US"},{"@type":["Person","Organization"],"@id":"https:\/\/www.drambrozy.at\/#\/schema\/person\/74f2d4a160219202ccdd31cea3fca153","name":"admin","image":{"@type":"ImageObject","inLanguage":"en-US","@id":"https:\/\/www.drambrozy.at\/#\/schema\/person\/image\/","url":"https:\/\/www.drambrozy.at\/wp-content\/uploads\/2021\/02\/cropped-logo_2_522_hplinkoben.png","contentUrl":"https:\/\/www.drambrozy.at\/wp-content\/uploads\/2021\/02\/cropped-logo_2_522_hplinkoben.png","width":800,"height":535,"caption":"admin"},"logo":{"@id":"https:\/\/www.drambrozy.at\/#\/schema\/person\/image\/"}}]}},"_links":{"self":[{"href":"https:\/\/www.drambrozy.at\/index.php?rest_route=\/wp\/v2\/pages\/4561","targetHints":{"allow":["GET"]}}],"collection":[{"href":"https:\/\/www.drambrozy.at\/index.php?rest_route=\/wp\/v2\/pages"}],"about":[{"href":"https:\/\/www.drambrozy.at\/index.php?rest_route=\/wp\/v2\/types\/page"}],"author":[{"embeddable":true,"href":"https:\/\/www.drambrozy.at\/index.php?rest_route=\/wp\/v2\/users\/1"}],"replies":[{"embeddable":true,"href":"https:\/\/www.drambrozy.at\/index.php?rest_route=%2Fwp%2Fv2%2Fcomments&post=4561"}],"version-history":[{"count":11,"href":"https:\/\/www.drambrozy.at\/index.php?rest_route=\/wp\/v2\/pages\/4561\/revisions"}],"predecessor-version":[{"id":4775,"href":"https:\/\/www.drambrozy.at\/index.php?rest_route=\/wp\/v2\/pages\/4561\/revisions\/4775"}],"wp:featuredmedia":[{"embeddable":true,"href":"https:\/\/www.drambrozy.at\/index.php?rest_route=\/wp\/v2\/media\/4546"}],"wp:attachment":[{"href":"https:\/\/www.drambrozy.at\/index.php?rest_route=%2Fwp%2Fv2%2Fmedia&parent=4561"}],"curies":[{"name":"wp","href":"https:\/\/api.w.org\/{rel}","templated":true}]}}