{"id":4559,"date":"2020-04-27T10:10:41","date_gmt":"2020-04-27T09:10:41","guid":{"rendered":"http:\/\/www.drambrozy.at\/?page_id=4559"},"modified":"2024-07-04T10:04:57","modified_gmt":"2024-07-04T09:04:57","slug":"hufte-2","status":"publish","type":"page","link":"https:\/\/www.drambrozy.at\/?page_id=4559","title":{"rendered":"H\u00fcfte"},"content":{"rendered":"\n<p><strong>H\u00fcfttotalendoprothetik<\/strong> \u00fcber den AMIS- Zugang g<br><\/p>\n\n\n\n<figure class=\"wp-block-image size-large is-resized\"><img loading=\"lazy\" decoding=\"async\" width=\"974\" height=\"266\" src=\"https:\/\/www.drambrozy.at\/wp-content\/uploads\/2020\/04\/AMIS_blu_centro.png\" alt=\"\" class=\"wp-image-4641\" style=\"width:284px;height:77px\" srcset=\"https:\/\/www.drambrozy.at\/wp-content\/uploads\/2020\/04\/AMIS_blu_centro.png 974w, https:\/\/www.drambrozy.at\/wp-content\/uploads\/2020\/04\/AMIS_blu_centro-300x82.png 300w, https:\/\/www.drambrozy.at\/wp-content\/uploads\/2020\/04\/AMIS_blu_centro-768x210.png 768w\" sizes=\"auto, (max-width: 974px) 100vw, 974px\" \/><\/figure>\n\n\n\n<p>Eine Coxarthrose (H\u00fcftarthrose oder H\u00fcftgelenksarthrose) ist eine degenerative Erkrankung des H\u00fcftgelenks, bei der sich das H\u00fcftgelenk zunehmend <strong><em>abn\u00fctzt<\/em><\/strong>. In Europa ist ungef\u00e4hr jede f\u00fcnfte Person von einer H\u00fcftarthrose betroffen, die unterschiedlich stark ausgepr\u00e4gt sein kann. Im Fr\u00fchstadium verursacht eine Abn\u00fctzung des Knorpels im H\u00fcftgelenk oft keine Beschwerden. In einem fortgeschrittenen Stadium treten zunehmend Schmerzen und Einschr\u00e4nkungen der Beweglichkeit auf. Sie k\u00f6nnen die Lebensqualit\u00e4t deutlich beeintr\u00e4chtigen .&nbsp;<\/p>\n\n\n\n<figure class=\"wp-block-gallery has-nested-images columns-default is-cropped wp-block-gallery-1 is-layout-flex wp-block-gallery-is-layout-flex\">\n<figure class=\"wp-block-image size-large\"><img loading=\"lazy\" decoding=\"async\" width=\"780\" height=\"580\" data-id=\"4636\" src=\"https:\/\/www.drambrozy.at\/wp-content\/uploads\/2020\/04\/HIP_Anatomy_of_the_hip_joint.jpg\" alt=\"\" class=\"wp-image-4636\" srcset=\"https:\/\/www.drambrozy.at\/wp-content\/uploads\/2020\/04\/HIP_Anatomy_of_the_hip_joint.jpg 780w, https:\/\/www.drambrozy.at\/wp-content\/uploads\/2020\/04\/HIP_Anatomy_of_the_hip_joint-300x223.jpg 300w, https:\/\/www.drambrozy.at\/wp-content\/uploads\/2020\/04\/HIP_Anatomy_of_the_hip_joint-768x571.jpg 768w\" sizes=\"auto, (max-width: 780px) 100vw, 780px\" \/><\/figure>\n\n\n\n<figure class=\"wp-block-image size-large\"><img loading=\"lazy\" decoding=\"async\" width=\"780\" height=\"580\" data-id=\"4637\" src=\"https:\/\/www.drambrozy.at\/wp-content\/uploads\/2020\/04\/HIP_Anatomy_of_the_hip_joint_2.jpg\" alt=\"\" class=\"wp-image-4637\" srcset=\"https:\/\/www.drambrozy.at\/wp-content\/uploads\/2020\/04\/HIP_Anatomy_of_the_hip_joint_2.jpg 780w, https:\/\/www.drambrozy.at\/wp-content\/uploads\/2020\/04\/HIP_Anatomy_of_the_hip_joint_2-300x223.jpg 300w, https:\/\/www.drambrozy.at\/wp-content\/uploads\/2020\/04\/HIP_Anatomy_of_the_hip_joint_2-768x571.jpg 768w\" sizes=\"auto, (max-width: 780px) 100vw, 780px\" \/><\/figure>\n<\/figure>\n\n\n\n<p>Sollte es durch eine konservative Therapie (Physiotherapie, Schmerztherapie ect.) zu keiner wesentlichen Beschwerdebesserung kommen, gibt es die M\u00f6glichkeit zum Gelenksersatz (Endoprothese).<\/p>\n\n\n\n<p>Hier wird \u00fcber einen minimalinvasiven vorderen Zugang ihr abgen\u00fctztes H\u00fcftgelenk durch ein k\u00fcnstliches Gelenk ersetzt.<\/p>\n\n\n\n<p>Ich wende dabei den minimalinvasiven AMIS \u00a9 Zugang an. Dies ist  eine Technik, welche&nbsp;<strong>zwischen Muskeln<\/strong>&nbsp;und&nbsp;<strong>zwischen Nerven<\/strong>&nbsp;zum H\u00fcftgelenk f\u00fchrt und so das Risiko einer Verletzung der Muskeln, Sehnen, Gef\u00e4sse und Nerven reduziert. Aus diesem Grund ist die AMIS-Operationstechnik ideal f\u00fcr eine atraumatische Operation und eine schnelle Genesung. Ihr k\u00fcnstliches AMIS-H\u00fcftgelenk wird Ihre Lebensqualit\u00e4t steigern und die Genesungszeit nach der Operation massiv verk\u00fcrzen.<\/p>\n\n\n\n<figure class=\"wp-block-gallery has-nested-images columns-default is-cropped wp-block-gallery-2 is-layout-flex wp-block-gallery-is-layout-flex\">\n<figure class=\"wp-block-image size-large\"><img loading=\"lazy\" decoding=\"async\" width=\"780\" height=\"580\" data-id=\"4634\" src=\"https:\/\/www.drambrozy.at\/wp-content\/uploads\/2020\/04\/AMIS_Muslces.jpg\" alt=\"\" class=\"wp-image-4634\" srcset=\"https:\/\/www.drambrozy.at\/wp-content\/uploads\/2020\/04\/AMIS_Muslces.jpg 780w, https:\/\/www.drambrozy.at\/wp-content\/uploads\/2020\/04\/AMIS_Muslces-300x223.jpg 300w, https:\/\/www.drambrozy.at\/wp-content\/uploads\/2020\/04\/AMIS_Muslces-768x571.jpg 768w\" sizes=\"auto, (max-width: 780px) 100vw, 780px\" \/><\/figure>\n\n\n\n<figure class=\"wp-block-image size-large\"><img loading=\"lazy\" decoding=\"async\" width=\"780\" height=\"580\" data-id=\"4635\" src=\"https:\/\/www.drambrozy.at\/wp-content\/uploads\/2020\/04\/AMIS_Nerves.jpg\" alt=\"\" class=\"wp-image-4635\" srcset=\"https:\/\/www.drambrozy.at\/wp-content\/uploads\/2020\/04\/AMIS_Nerves.jpg 780w, https:\/\/www.drambrozy.at\/wp-content\/uploads\/2020\/04\/AMIS_Nerves-300x223.jpg 300w, https:\/\/www.drambrozy.at\/wp-content\/uploads\/2020\/04\/AMIS_Nerves-768x571.jpg 768w\" sizes=\"auto, (max-width: 780px) 100vw, 780px\" \/><\/figure>\n<\/figure>\n\n\n\n<p>\u00dcber den minimalinvasiven AMIS Zugang zur H\u00fcfte wird in weiterer Folge ein k\u00fcnstliches H\u00fcftgelenk eingebaut.<\/p>\n\n\n\n<figure class=\"wp-block-image size-large\"><img loading=\"lazy\" decoding=\"async\" width=\"305\" height=\"433\" src=\"https:\/\/www.drambrozy.at\/wp-content\/uploads\/2020\/04\/unnamed-1.png\" alt=\"\" class=\"wp-image-4639\" srcset=\"https:\/\/www.drambrozy.at\/wp-content\/uploads\/2020\/04\/unnamed-1.png 305w, https:\/\/www.drambrozy.at\/wp-content\/uploads\/2020\/04\/unnamed-1-211x300.png 211w\" sizes=\"auto, (max-width: 305px) 100vw, 305px\" \/><\/figure>\n\n\n\n<p><\/p>\n","protected":false},"excerpt":{"rendered":"<p>H\u00fcfttotalendoprothetik \u00fcber den AMIS- Zugang g Eine Coxarthrose (H\u00fcftarthrose oder H\u00fcftgelenksarthrose) ist eine degenerative Erkrankung des H\u00fcftgelenks, bei der sich das H\u00fcftgelenk zunehmend abn\u00fctzt. In Europa ist ungef\u00e4hr jede f\u00fcnfte Person von einer H\u00fcftarthrose betroffen, die unterschiedlich stark ausgepr\u00e4gt sein kann. Im Fr\u00fchstadium verursacht eine Abn\u00fctzung des Knorpels im H\u00fcftgelenk [&hellip;]<\/p>\n","protected":false},"author":1,"featured_media":0,"parent":0,"menu_order":0,"comment_status":"closed","ping_status":"closed","template":"","meta":{"footnotes":""},"class_list":["post-4559","page","type-page","status-publish","hentry"],"yoast_head":"<!-- This site is optimized with the Yoast SEO plugin v26.6 - https:\/\/yoast.com\/wordpress\/plugins\/seo\/ -->\n<title>H\u00fcfte - Dr.med.univ. Peter Ambrozy<\/title>\n<meta name=\"description\" content=\"H\u00fcfte - Eine Coxarthrose (H\u00fcftarthrose oder H\u00fcftgelenksarthrose) ist eine degenerative Erkrankung des H\u00fcftgelenks, bei der sich das H\u00fcftgelenk zunehmend abn\u00fctzt.\" \/>\n<meta name=\"robots\" content=\"index, follow, max-snippet:-1, max-image-preview:large, max-video-preview:-1\" \/>\n<link rel=\"canonical\" href=\"https:\/\/www.drambrozy.at\/?page_id=4559\" \/>\n<meta property=\"og:locale\" content=\"en_US\" \/>\n<meta property=\"og:type\" content=\"article\" \/>\n<meta property=\"og:title\" content=\"H\u00fcfte - Dr.med.univ. Peter Ambrozy\" \/>\n<meta property=\"og:description\" content=\"H\u00fcfte - Eine Coxarthrose (H\u00fcftarthrose oder H\u00fcftgelenksarthrose) ist eine degenerative Erkrankung des H\u00fcftgelenks, bei der sich das H\u00fcftgelenk zunehmend abn\u00fctzt.\" \/>\n<meta property=\"og:url\" content=\"https:\/\/www.drambrozy.at\/?page_id=4559\" \/>\n<meta property=\"og:site_name\" content=\"Dr.med.univ. Peter Ambrozy\" \/>\n<meta property=\"article:modified_time\" content=\"2024-07-04T09:04:57+00:00\" \/>\n<meta property=\"og:image\" content=\"https:\/\/www.drambrozy.at\/wp-content\/uploads\/2020\/04\/AMIS_blu_centro.png\" \/>\n<meta name=\"twitter:card\" content=\"summary_large_image\" \/>\n<meta name=\"twitter:label1\" content=\"Est. reading time\" \/>\n\t<meta name=\"twitter:data1\" content=\"3 minutes\" \/>\n<script type=\"application\/ld+json\" class=\"yoast-schema-graph\">{\"@context\":\"https:\/\/schema.org\",\"@graph\":[{\"@type\":\"WebPage\",\"@id\":\"https:\/\/www.drambrozy.at\/?page_id=4559\",\"url\":\"https:\/\/www.drambrozy.at\/?page_id=4559\",\"name\":\"H\u00fcfte - Dr.med.univ. Peter Ambrozy\",\"isPartOf\":{\"@id\":\"https:\/\/www.drambrozy.at\/#website\"},\"primaryImageOfPage\":{\"@id\":\"https:\/\/www.drambrozy.at\/?page_id=4559#primaryimage\"},\"image\":{\"@id\":\"https:\/\/www.drambrozy.at\/?page_id=4559#primaryimage\"},\"thumbnailUrl\":\"https:\/\/www.drambrozy.at\/wp-content\/uploads\/2020\/04\/AMIS_blu_centro.png\",\"datePublished\":\"2020-04-27T09:10:41+00:00\",\"dateModified\":\"2024-07-04T09:04:57+00:00\",\"description\":\"H\u00fcfte - Eine Coxarthrose (H\u00fcftarthrose oder H\u00fcftgelenksarthrose) ist eine degenerative Erkrankung des H\u00fcftgelenks, bei der sich das H\u00fcftgelenk zunehmend abn\u00fctzt.\",\"breadcrumb\":{\"@id\":\"https:\/\/www.drambrozy.at\/?page_id=4559#breadcrumb\"},\"inLanguage\":\"en-US\",\"potentialAction\":[{\"@type\":\"ReadAction\",\"target\":[\"https:\/\/www.drambrozy.at\/?page_id=4559\"]}]},{\"@type\":\"ImageObject\",\"inLanguage\":\"en-US\",\"@id\":\"https:\/\/www.drambrozy.at\/?page_id=4559#primaryimage\",\"url\":\"https:\/\/www.drambrozy.at\/wp-content\/uploads\/2020\/04\/AMIS_blu_centro.png\",\"contentUrl\":\"https:\/\/www.drambrozy.at\/wp-content\/uploads\/2020\/04\/AMIS_blu_centro.png\",\"width\":974,\"height\":266,\"caption\":\"AMIS_blu_centro\"},{\"@type\":\"BreadcrumbList\",\"@id\":\"https:\/\/www.drambrozy.at\/?page_id=4559#breadcrumb\",\"itemListElement\":[{\"@type\":\"ListItem\",\"position\":1,\"name\":\"Home\",\"item\":\"https:\/\/www.drambrozy.at\/\"},{\"@type\":\"ListItem\",\"position\":2,\"name\":\"H\u00fcfte\"}]},{\"@type\":\"WebSite\",\"@id\":\"https:\/\/www.drambrozy.at\/#website\",\"url\":\"https:\/\/www.drambrozy.at\/\",\"name\":\"Dr.med.univ. Peter Ambrozy\",\"description\":\"Facharzt f\u00fcr Orthop\u00e4die und Traumatologie\",\"publisher\":{\"@id\":\"https:\/\/www.drambrozy.at\/#\/schema\/person\/74f2d4a160219202ccdd31cea3fca153\"},\"potentialAction\":[{\"@type\":\"SearchAction\",\"target\":{\"@type\":\"EntryPoint\",\"urlTemplate\":\"https:\/\/www.drambrozy.at\/?s={search_term_string}\"},\"query-input\":{\"@type\":\"PropertyValueSpecification\",\"valueRequired\":true,\"valueName\":\"search_term_string\"}}],\"inLanguage\":\"en-US\"},{\"@type\":[\"Person\",\"Organization\"],\"@id\":\"https:\/\/www.drambrozy.at\/#\/schema\/person\/74f2d4a160219202ccdd31cea3fca153\",\"name\":\"admin\",\"image\":{\"@type\":\"ImageObject\",\"inLanguage\":\"en-US\",\"@id\":\"https:\/\/www.drambrozy.at\/#\/schema\/person\/image\/\",\"url\":\"https:\/\/www.drambrozy.at\/wp-content\/uploads\/2021\/02\/cropped-logo_2_522_hplinkoben.png\",\"contentUrl\":\"https:\/\/www.drambrozy.at\/wp-content\/uploads\/2021\/02\/cropped-logo_2_522_hplinkoben.png\",\"width\":800,\"height\":535,\"caption\":\"admin\"},\"logo\":{\"@id\":\"https:\/\/www.drambrozy.at\/#\/schema\/person\/image\/\"}}]}<\/script>\n<!-- \/ Yoast SEO plugin. -->","yoast_head_json":{"title":"H\u00fcfte - Dr.med.univ. Peter Ambrozy","description":"H\u00fcfte - Eine Coxarthrose (H\u00fcftarthrose oder H\u00fcftgelenksarthrose) ist eine degenerative Erkrankung des H\u00fcftgelenks, bei der sich das H\u00fcftgelenk zunehmend abn\u00fctzt.","robots":{"index":"index","follow":"follow","max-snippet":"max-snippet:-1","max-image-preview":"max-image-preview:large","max-video-preview":"max-video-preview:-1"},"canonical":"https:\/\/www.drambrozy.at\/?page_id=4559","og_locale":"en_US","og_type":"article","og_title":"H\u00fcfte - Dr.med.univ. Peter Ambrozy","og_description":"H\u00fcfte - Eine Coxarthrose (H\u00fcftarthrose oder H\u00fcftgelenksarthrose) ist eine degenerative Erkrankung des H\u00fcftgelenks, bei der sich das H\u00fcftgelenk zunehmend abn\u00fctzt.","og_url":"https:\/\/www.drambrozy.at\/?page_id=4559","og_site_name":"Dr.med.univ. Peter Ambrozy","article_modified_time":"2024-07-04T09:04:57+00:00","og_image":[{"url":"https:\/\/www.drambrozy.at\/wp-content\/uploads\/2020\/04\/AMIS_blu_centro.png","type":"","width":"","height":""}],"twitter_card":"summary_large_image","twitter_misc":{"Est. reading time":"3 minutes"},"schema":{"@context":"https:\/\/schema.org","@graph":[{"@type":"WebPage","@id":"https:\/\/www.drambrozy.at\/?page_id=4559","url":"https:\/\/www.drambrozy.at\/?page_id=4559","name":"H\u00fcfte - Dr.med.univ. Peter Ambrozy","isPartOf":{"@id":"https:\/\/www.drambrozy.at\/#website"},"primaryImageOfPage":{"@id":"https:\/\/www.drambrozy.at\/?page_id=4559#primaryimage"},"image":{"@id":"https:\/\/www.drambrozy.at\/?page_id=4559#primaryimage"},"thumbnailUrl":"https:\/\/www.drambrozy.at\/wp-content\/uploads\/2020\/04\/AMIS_blu_centro.png","datePublished":"2020-04-27T09:10:41+00:00","dateModified":"2024-07-04T09:04:57+00:00","description":"H\u00fcfte - Eine Coxarthrose (H\u00fcftarthrose oder H\u00fcftgelenksarthrose) ist eine degenerative Erkrankung des H\u00fcftgelenks, bei der sich das H\u00fcftgelenk zunehmend abn\u00fctzt.","breadcrumb":{"@id":"https:\/\/www.drambrozy.at\/?page_id=4559#breadcrumb"},"inLanguage":"en-US","potentialAction":[{"@type":"ReadAction","target":["https:\/\/www.drambrozy.at\/?page_id=4559"]}]},{"@type":"ImageObject","inLanguage":"en-US","@id":"https:\/\/www.drambrozy.at\/?page_id=4559#primaryimage","url":"https:\/\/www.drambrozy.at\/wp-content\/uploads\/2020\/04\/AMIS_blu_centro.png","contentUrl":"https:\/\/www.drambrozy.at\/wp-content\/uploads\/2020\/04\/AMIS_blu_centro.png","width":974,"height":266,"caption":"AMIS_blu_centro"},{"@type":"BreadcrumbList","@id":"https:\/\/www.drambrozy.at\/?page_id=4559#breadcrumb","itemListElement":[{"@type":"ListItem","position":1,"name":"Home","item":"https:\/\/www.drambrozy.at\/"},{"@type":"ListItem","position":2,"name":"H\u00fcfte"}]},{"@type":"WebSite","@id":"https:\/\/www.drambrozy.at\/#website","url":"https:\/\/www.drambrozy.at\/","name":"Dr.med.univ. Peter Ambrozy","description":"Facharzt f\u00fcr Orthop\u00e4die und Traumatologie","publisher":{"@id":"https:\/\/www.drambrozy.at\/#\/schema\/person\/74f2d4a160219202ccdd31cea3fca153"},"potentialAction":[{"@type":"SearchAction","target":{"@type":"EntryPoint","urlTemplate":"https:\/\/www.drambrozy.at\/?s={search_term_string}"},"query-input":{"@type":"PropertyValueSpecification","valueRequired":true,"valueName":"search_term_string"}}],"inLanguage":"en-US"},{"@type":["Person","Organization"],"@id":"https:\/\/www.drambrozy.at\/#\/schema\/person\/74f2d4a160219202ccdd31cea3fca153","name":"admin","image":{"@type":"ImageObject","inLanguage":"en-US","@id":"https:\/\/www.drambrozy.at\/#\/schema\/person\/image\/","url":"https:\/\/www.drambrozy.at\/wp-content\/uploads\/2021\/02\/cropped-logo_2_522_hplinkoben.png","contentUrl":"https:\/\/www.drambrozy.at\/wp-content\/uploads\/2021\/02\/cropped-logo_2_522_hplinkoben.png","width":800,"height":535,"caption":"admin"},"logo":{"@id":"https:\/\/www.drambrozy.at\/#\/schema\/person\/image\/"}}]}},"_links":{"self":[{"href":"https:\/\/www.drambrozy.at\/index.php?rest_route=\/wp\/v2\/pages\/4559","targetHints":{"allow":["GET"]}}],"collection":[{"href":"https:\/\/www.drambrozy.at\/index.php?rest_route=\/wp\/v2\/pages"}],"about":[{"href":"https:\/\/www.drambrozy.at\/index.php?rest_route=\/wp\/v2\/types\/page"}],"author":[{"embeddable":true,"href":"https:\/\/www.drambrozy.at\/index.php?rest_route=\/wp\/v2\/users\/1"}],"replies":[{"embeddable":true,"href":"https:\/\/www.drambrozy.at\/index.php?rest_route=%2Fwp%2Fv2%2Fcomments&post=4559"}],"version-history":[{"count":12,"href":"https:\/\/www.drambrozy.at\/index.php?rest_route=\/wp\/v2\/pages\/4559\/revisions"}],"predecessor-version":[{"id":4774,"href":"https:\/\/www.drambrozy.at\/index.php?rest_route=\/wp\/v2\/pages\/4559\/revisions\/4774"}],"wp:attachment":[{"href":"https:\/\/www.drambrozy.at\/index.php?rest_route=%2Fwp%2Fv2%2Fmedia&parent=4559"}],"curies":[{"name":"wp","href":"https:\/\/api.w.org\/{rel}","templated":true}]}}