{"id":4503,"date":"2020-04-27T08:49:46","date_gmt":"2020-04-27T07:49:46","guid":{"rendered":"http:\/\/www.drambrozy.at\/?page_id=4503"},"modified":"2022-12-07T20:06:56","modified_gmt":"2022-12-07T19:06:56","slug":"erstbegutachtung","status":"publish","type":"page","link":"https:\/\/www.drambrozy.at\/?page_id=4503","title":{"rendered":"Erstbegutachtung"},"content":{"rendered":"\n<p>Im Rahmen meiner Wahlarztordination habe ich die M\u00f6glichkeit ihr Problem zu erfassen und einen individuellen Therapieplan zu erstellen.<\/p>\n\n\n\n<p>&#8211; Ausf\u00fchrliche klinische Untersuchung<br>&#8211; Zuweisung, detaillierte Besprechung und Befundung von diagnostischer  Bildgebung ( R\u00f6ntgen, MRT, CT, NLG ect.)<br>&#8211; Detailierte Aufkl\u00e4rung \u00fcber Therapiem\u00f6glichkeiten<br>&#8211; Gemeinsames Festlegen des detailierten und ganzheitlichen Therapieplans<br>&#8211; Ggf. Operationsplanung, Durchf\u00fchren der Operationsaufkl\u00e4rung<br>&#8211; Zweitmeinung <\/p>\n\n\n\n<p>Als <strong>Wahlarzt<\/strong> habe ich keinen Vertrag zur Direktverrechnung mit Krankenkassen. Sie ben\u00f6tigen daher weder eine \u00dcberweisung noch ihre E-Card. F\u00fcr die erbrachten Leistungen erhalten sie nach jedem Besuch eine Rechnung und Honorarnote, welche in Bar oder via Bankomatterminal zu bezahlen ist. Sie k\u00f6nnen im Anschluss, die Honorarnote bei ihrer Krankenkasse einreichen, um einen gewisssen Prozentsatz (ca. 80% des jeweiligen Kassentarifs) r\u00fcckerstattet zu bekommen. Manche Leistungen sind im Tarifkatalog der Krankenkassen nicht enthalten und werden daher auch nicht r\u00fcckerstattet. Im Falle einer Zusatzversicherung\/Privatarztversicherung, werden aber meist bis zu 100% des gesamten Honorars von der Versicherung \u00fcbernommen.<\/p>\n\n\n\n<p>Die Bezeichnung Wahlarzt leitet sich vom Recht des Patienten ab, sich seinen Arzt frei w\u00e4hlen zu k\u00f6nnen. <strong>Eine Zuweisung durch einen anderen Arzt ist nicht notwendig.<\/strong><\/p>\n\n\n\n<p><strong>Viele Vorteile f\u00fcr Sie als Patient:<\/strong><\/p>\n\n\n\n<ul class=\"wp-block-list\"><li>deutlich mehr Zeit f\u00fcr Sie<\/li><li>flexible Ordinationszeiten<\/li><li>rasche Terminvergabe<\/li><li>kurze Wartezeiten in der Ordination<\/li><li>ausreichend Zeit f\u00fcr Untersuchungen und Diagnostik<\/li><li>ausreichend Zeit f\u00fcr eingehende Befundbesprechungen<\/li><\/ul>\n\n\n\n<p><strong>Falls bei Ihnen eine Operation notwendig ist<\/strong>, kann ich Sie direkt aus der Ordination in das Elisabethinen Krankenhaus Klagenfurt einweisen und dort den operativen Eingriff durchf\u00fchren. <strong>Die Kosten f\u00fcr eine Operation werden von Ihrer normalen Krankenversicherung \u00fcbernommen<\/strong>. Falls Sie eine Zusatzversicherung besitzen, kommen Sie in den Genuss diverser Zusatzleistungen wie einem Aufenthalt auf der Sonderklassestation.<\/p>\n\n\n\n<h4 class=\"wp-block-heading\">Sie haben sich verletzt oder haben Beschwerden?<\/h4>\n\n\n\n<p>In erster Linie gilt es jeden Patienten individuell zu begutachten und seine Pathologie\/Beschwerdesymptomatik auch individuell einzusch\u00e4tzen. Grunds\u00e4tzlich m\u00fcssen unn\u00f6tige Operationen vermieden werden und operative Eingriffe nur dann durchgef\u00fchrt werden, wenn sie wirklich notwendig sind. Sollte eine behandlungsw\u00fcrdige Situation vorhanden sein, so geh\u00f6rt diese adequat beantwortet. Dies beinhaltet eine modere Medizin am neuesten Stand, die Zusammenarbeit mit erfahrenen Physiotherapeuten sowie die pers\u00f6nliche F\u00fchrung meiner Patienten. Daf\u00fcr nehme ich mir ausreichend Zeit.<\/p>\n","protected":false},"excerpt":{"rendered":"<p>Im Rahmen meiner Wahlarztordination habe ich die M\u00f6glichkeit ihr Problem zu erfassen und einen individuellen Therapieplan zu erstellen. &#8211; Ausf\u00fchrliche klinische Untersuchung&#8211; Zuweisung, detaillierte Besprechung und Befundung von diagnostischer Bildgebung ( R\u00f6ntgen, MRT, CT, NLG ect.)&#8211; Detailierte Aufkl\u00e4rung \u00fcber Therapiem\u00f6glichkeiten&#8211; Gemeinsames Festlegen des detailierten und ganzheitlichen Therapieplans&#8211; Ggf. Operationsplanung, Durchf\u00fchren [&hellip;]<\/p>\n","protected":false},"author":1,"featured_media":4511,"parent":0,"menu_order":0,"comment_status":"closed","ping_status":"closed","template":"","meta":{"footnotes":""},"class_list":["post-4503","page","type-page","status-publish","has-post-thumbnail","hentry"],"yoast_head":"<!-- This site is optimized with the Yoast SEO plugin v26.6 - https:\/\/yoast.com\/wordpress\/plugins\/seo\/ -->\n<title>Erstbegutachtung - Dr.med.univ. Peter Ambrozy<\/title>\n<meta name=\"description\" content=\"Erstbegutachtung - Im Rahmen meiner Wahlarztordination habe ich die M\u00f6glichkeit ihr Problem zu erfassen und einen individuellen Therapieplan zu erstellen.\" \/>\n<meta name=\"robots\" content=\"index, follow, max-snippet:-1, max-image-preview:large, max-video-preview:-1\" \/>\n<link rel=\"canonical\" href=\"https:\/\/www.drambrozy.at\/?page_id=4503\" \/>\n<meta property=\"og:locale\" content=\"en_US\" \/>\n<meta property=\"og:type\" content=\"article\" \/>\n<meta property=\"og:title\" content=\"Erstbegutachtung - Dr.med.univ. Peter Ambrozy\" \/>\n<meta property=\"og:description\" content=\"Erstbegutachtung - Im Rahmen meiner Wahlarztordination habe ich die M\u00f6glichkeit ihr Problem zu erfassen und einen individuellen Therapieplan zu erstellen.\" \/>\n<meta property=\"og:url\" content=\"https:\/\/www.drambrozy.at\/?page_id=4503\" \/>\n<meta property=\"og:site_name\" content=\"Dr.med.univ. Peter Ambrozy\" \/>\n<meta property=\"article:modified_time\" content=\"2022-12-07T19:06:56+00:00\" \/>\n<meta property=\"og:image\" content=\"https:\/\/www.drambrozy.at\/wp-content\/uploads\/2020\/04\/knee-2768834_1920.jpg\" \/>\n\t<meta property=\"og:image:width\" content=\"1920\" \/>\n\t<meta property=\"og:image:height\" content=\"1357\" \/>\n\t<meta property=\"og:image:type\" content=\"image\/jpeg\" \/>\n<meta name=\"twitter:card\" content=\"summary_large_image\" \/>\n<meta name=\"twitter:label1\" content=\"Est. reading time\" \/>\n\t<meta name=\"twitter:data1\" content=\"2 minutes\" \/>\n<script type=\"application\/ld+json\" class=\"yoast-schema-graph\">{\"@context\":\"https:\/\/schema.org\",\"@graph\":[{\"@type\":\"WebPage\",\"@id\":\"https:\/\/www.drambrozy.at\/?page_id=4503\",\"url\":\"https:\/\/www.drambrozy.at\/?page_id=4503\",\"name\":\"Erstbegutachtung - Dr.med.univ. Peter Ambrozy\",\"isPartOf\":{\"@id\":\"https:\/\/www.drambrozy.at\/#website\"},\"primaryImageOfPage\":{\"@id\":\"https:\/\/www.drambrozy.at\/?page_id=4503#primaryimage\"},\"image\":{\"@id\":\"https:\/\/www.drambrozy.at\/?page_id=4503#primaryimage\"},\"thumbnailUrl\":\"https:\/\/www.drambrozy.at\/wp-content\/uploads\/2020\/04\/knee-2768834_1920.jpg\",\"datePublished\":\"2020-04-27T07:49:46+00:00\",\"dateModified\":\"2022-12-07T19:06:56+00:00\",\"description\":\"Erstbegutachtung - Im Rahmen meiner Wahlarztordination habe ich die M\u00f6glichkeit ihr Problem zu erfassen und einen individuellen Therapieplan zu erstellen.\",\"breadcrumb\":{\"@id\":\"https:\/\/www.drambrozy.at\/?page_id=4503#breadcrumb\"},\"inLanguage\":\"en-US\",\"potentialAction\":[{\"@type\":\"ReadAction\",\"target\":[\"https:\/\/www.drambrozy.at\/?page_id=4503\"]}]},{\"@type\":\"ImageObject\",\"inLanguage\":\"en-US\",\"@id\":\"https:\/\/www.drambrozy.at\/?page_id=4503#primaryimage\",\"url\":\"https:\/\/www.drambrozy.at\/wp-content\/uploads\/2020\/04\/knee-2768834_1920.jpg\",\"contentUrl\":\"https:\/\/www.drambrozy.at\/wp-content\/uploads\/2020\/04\/knee-2768834_1920.jpg\",\"width\":1920,\"height\":1357,\"caption\":\"Dr. Ambrozy\"},{\"@type\":\"BreadcrumbList\",\"@id\":\"https:\/\/www.drambrozy.at\/?page_id=4503#breadcrumb\",\"itemListElement\":[{\"@type\":\"ListItem\",\"position\":1,\"name\":\"Home\",\"item\":\"https:\/\/www.drambrozy.at\/\"},{\"@type\":\"ListItem\",\"position\":2,\"name\":\"Erstbegutachtung\"}]},{\"@type\":\"WebSite\",\"@id\":\"https:\/\/www.drambrozy.at\/#website\",\"url\":\"https:\/\/www.drambrozy.at\/\",\"name\":\"Dr.med.univ. Peter Ambrozy\",\"description\":\"Facharzt f\u00fcr Orthop\u00e4die und Traumatologie\",\"publisher\":{\"@id\":\"https:\/\/www.drambrozy.at\/#\/schema\/person\/74f2d4a160219202ccdd31cea3fca153\"},\"potentialAction\":[{\"@type\":\"SearchAction\",\"target\":{\"@type\":\"EntryPoint\",\"urlTemplate\":\"https:\/\/www.drambrozy.at\/?s={search_term_string}\"},\"query-input\":{\"@type\":\"PropertyValueSpecification\",\"valueRequired\":true,\"valueName\":\"search_term_string\"}}],\"inLanguage\":\"en-US\"},{\"@type\":[\"Person\",\"Organization\"],\"@id\":\"https:\/\/www.drambrozy.at\/#\/schema\/person\/74f2d4a160219202ccdd31cea3fca153\",\"name\":\"admin\",\"image\":{\"@type\":\"ImageObject\",\"inLanguage\":\"en-US\",\"@id\":\"https:\/\/www.drambrozy.at\/#\/schema\/person\/image\/\",\"url\":\"https:\/\/www.drambrozy.at\/wp-content\/uploads\/2021\/02\/cropped-logo_2_522_hplinkoben.png\",\"contentUrl\":\"https:\/\/www.drambrozy.at\/wp-content\/uploads\/2021\/02\/cropped-logo_2_522_hplinkoben.png\",\"width\":800,\"height\":535,\"caption\":\"admin\"},\"logo\":{\"@id\":\"https:\/\/www.drambrozy.at\/#\/schema\/person\/image\/\"}}]}<\/script>\n<!-- \/ Yoast SEO plugin. -->","yoast_head_json":{"title":"Erstbegutachtung - Dr.med.univ. Peter Ambrozy","description":"Erstbegutachtung - Im Rahmen meiner Wahlarztordination habe ich die M\u00f6glichkeit ihr Problem zu erfassen und einen individuellen Therapieplan zu erstellen.","robots":{"index":"index","follow":"follow","max-snippet":"max-snippet:-1","max-image-preview":"max-image-preview:large","max-video-preview":"max-video-preview:-1"},"canonical":"https:\/\/www.drambrozy.at\/?page_id=4503","og_locale":"en_US","og_type":"article","og_title":"Erstbegutachtung - Dr.med.univ. Peter Ambrozy","og_description":"Erstbegutachtung - Im Rahmen meiner Wahlarztordination habe ich die M\u00f6glichkeit ihr Problem zu erfassen und einen individuellen Therapieplan zu erstellen.","og_url":"https:\/\/www.drambrozy.at\/?page_id=4503","og_site_name":"Dr.med.univ. Peter Ambrozy","article_modified_time":"2022-12-07T19:06:56+00:00","og_image":[{"width":1920,"height":1357,"url":"https:\/\/www.drambrozy.at\/wp-content\/uploads\/2020\/04\/knee-2768834_1920.jpg","type":"image\/jpeg"}],"twitter_card":"summary_large_image","twitter_misc":{"Est. reading time":"2 minutes"},"schema":{"@context":"https:\/\/schema.org","@graph":[{"@type":"WebPage","@id":"https:\/\/www.drambrozy.at\/?page_id=4503","url":"https:\/\/www.drambrozy.at\/?page_id=4503","name":"Erstbegutachtung - Dr.med.univ. Peter Ambrozy","isPartOf":{"@id":"https:\/\/www.drambrozy.at\/#website"},"primaryImageOfPage":{"@id":"https:\/\/www.drambrozy.at\/?page_id=4503#primaryimage"},"image":{"@id":"https:\/\/www.drambrozy.at\/?page_id=4503#primaryimage"},"thumbnailUrl":"https:\/\/www.drambrozy.at\/wp-content\/uploads\/2020\/04\/knee-2768834_1920.jpg","datePublished":"2020-04-27T07:49:46+00:00","dateModified":"2022-12-07T19:06:56+00:00","description":"Erstbegutachtung - Im Rahmen meiner Wahlarztordination habe ich die M\u00f6glichkeit ihr Problem zu erfassen und einen individuellen Therapieplan zu erstellen.","breadcrumb":{"@id":"https:\/\/www.drambrozy.at\/?page_id=4503#breadcrumb"},"inLanguage":"en-US","potentialAction":[{"@type":"ReadAction","target":["https:\/\/www.drambrozy.at\/?page_id=4503"]}]},{"@type":"ImageObject","inLanguage":"en-US","@id":"https:\/\/www.drambrozy.at\/?page_id=4503#primaryimage","url":"https:\/\/www.drambrozy.at\/wp-content\/uploads\/2020\/04\/knee-2768834_1920.jpg","contentUrl":"https:\/\/www.drambrozy.at\/wp-content\/uploads\/2020\/04\/knee-2768834_1920.jpg","width":1920,"height":1357,"caption":"Dr. Ambrozy"},{"@type":"BreadcrumbList","@id":"https:\/\/www.drambrozy.at\/?page_id=4503#breadcrumb","itemListElement":[{"@type":"ListItem","position":1,"name":"Home","item":"https:\/\/www.drambrozy.at\/"},{"@type":"ListItem","position":2,"name":"Erstbegutachtung"}]},{"@type":"WebSite","@id":"https:\/\/www.drambrozy.at\/#website","url":"https:\/\/www.drambrozy.at\/","name":"Dr.med.univ. Peter Ambrozy","description":"Facharzt f\u00fcr Orthop\u00e4die und Traumatologie","publisher":{"@id":"https:\/\/www.drambrozy.at\/#\/schema\/person\/74f2d4a160219202ccdd31cea3fca153"},"potentialAction":[{"@type":"SearchAction","target":{"@type":"EntryPoint","urlTemplate":"https:\/\/www.drambrozy.at\/?s={search_term_string}"},"query-input":{"@type":"PropertyValueSpecification","valueRequired":true,"valueName":"search_term_string"}}],"inLanguage":"en-US"},{"@type":["Person","Organization"],"@id":"https:\/\/www.drambrozy.at\/#\/schema\/person\/74f2d4a160219202ccdd31cea3fca153","name":"admin","image":{"@type":"ImageObject","inLanguage":"en-US","@id":"https:\/\/www.drambrozy.at\/#\/schema\/person\/image\/","url":"https:\/\/www.drambrozy.at\/wp-content\/uploads\/2021\/02\/cropped-logo_2_522_hplinkoben.png","contentUrl":"https:\/\/www.drambrozy.at\/wp-content\/uploads\/2021\/02\/cropped-logo_2_522_hplinkoben.png","width":800,"height":535,"caption":"admin"},"logo":{"@id":"https:\/\/www.drambrozy.at\/#\/schema\/person\/image\/"}}]}},"_links":{"self":[{"href":"https:\/\/www.drambrozy.at\/index.php?rest_route=\/wp\/v2\/pages\/4503","targetHints":{"allow":["GET"]}}],"collection":[{"href":"https:\/\/www.drambrozy.at\/index.php?rest_route=\/wp\/v2\/pages"}],"about":[{"href":"https:\/\/www.drambrozy.at\/index.php?rest_route=\/wp\/v2\/types\/page"}],"author":[{"embeddable":true,"href":"https:\/\/www.drambrozy.at\/index.php?rest_route=\/wp\/v2\/users\/1"}],"replies":[{"embeddable":true,"href":"https:\/\/www.drambrozy.at\/index.php?rest_route=%2Fwp%2Fv2%2Fcomments&post=4503"}],"version-history":[{"count":7,"href":"https:\/\/www.drambrozy.at\/index.php?rest_route=\/wp\/v2\/pages\/4503\/revisions"}],"predecessor-version":[{"id":4728,"href":"https:\/\/www.drambrozy.at\/index.php?rest_route=\/wp\/v2\/pages\/4503\/revisions\/4728"}],"wp:featuredmedia":[{"embeddable":true,"href":"https:\/\/www.drambrozy.at\/index.php?rest_route=\/wp\/v2\/media\/4511"}],"wp:attachment":[{"href":"https:\/\/www.drambrozy.at\/index.php?rest_route=%2Fwp%2Fv2%2Fmedia&parent=4503"}],"curies":[{"name":"wp","href":"https:\/\/api.w.org\/{rel}","templated":true}]}}