{"id":4284,"date":"2018-11-12T11:50:12","date_gmt":"2018-11-12T11:50:12","guid":{"rendered":"https:\/\/demo.themeisle.com\/hestia-default\/hestia-front\/"},"modified":"2022-12-07T20:05:13","modified_gmt":"2022-12-07T19:05:13","slug":"d41d8-hestia-front","status":"publish","type":"page","link":"https:\/\/www.drambrozy.at\/","title":{"rendered":"Dr. Ambrozy"},"content":{"rendered":"\n<div class=\"wp-block-columns is-layout-flex wp-container-core-columns-is-layout-9d6595d7 wp-block-columns-is-layout-flex\">\n<div class=\"wp-block-column is-layout-flow wp-block-column-is-layout-flow\" style=\"flex-basis:33.33%\"><div class=\"wp-block-image is-style-rounded\">\n<figure class=\"aligncenter size-large is-resized\"><img loading=\"lazy\" decoding=\"async\" src=\"https:\/\/www.drambrozy.at\/wp-content\/uploads\/2020\/04\/me-bg-1017x1024.jpg\" alt=\"\" class=\"wp-image-4624\" width=\"181\" height=\"182\" srcset=\"https:\/\/www.drambrozy.at\/wp-content\/uploads\/2020\/04\/me-bg-1017x1024.jpg 1017w, https:\/\/www.drambrozy.at\/wp-content\/uploads\/2020\/04\/me-bg-298x300.jpg 298w, https:\/\/www.drambrozy.at\/wp-content\/uploads\/2020\/04\/me-bg-150x150.jpg 150w, https:\/\/www.drambrozy.at\/wp-content\/uploads\/2020\/04\/me-bg-768x774.jpg 768w, https:\/\/www.drambrozy.at\/wp-content\/uploads\/2020\/04\/me-bg-1525x1536.jpg 1525w, https:\/\/www.drambrozy.at\/wp-content\/uploads\/2020\/04\/me-bg.jpg 1802w\" sizes=\"auto, (max-width: 181px) 100vw, 181px\" \/><\/figure>\n<\/div>\n\n\n<p><\/p>\n<\/div>\n\n\n\n<div class=\"wp-block-column is-layout-flow wp-block-column-is-layout-flow\" style=\"flex-basis:66.66%\">\n<p>Dr. Ambrozy absolvierte sein Studium f\u00fcr Humanmedizin an der medizinischen Universit\u00e4t Graz. Die Ausbildung hin zum Oberarzt f\u00fcr Orthop\u00e4die und Traumatologie absolvierte er im Allgemeinen Krankenhaus (AKH) Wien, dem Lorenz B\u00f6hler Krankenhaus Wien (UKH; AUVA), dem Unfallkrankenhaus (UKH) Klagenfurt sowie im Elisabethinen Krankenhaus (EKH) Klagenfurt unter der Leitung von Prim. Dr.Kuschnig. Hier konnte er neben seiner allgemeinen orthop\u00e4dischen Ausbildung auch speziell die endoprothetische Versorgung von H\u00fcft- und Kniegelenken erlernen und sich auf diesem Gebiet einen gro\u00dfen Erfahrungsschatz aneignen. Um sein sportchirugisches Spektrum zu erweitern arbeitet Dr. Ambrozy zwischen 2018 und 2020 im Diakonissen Krankenhaus Schladming als Oberarzt. Seit 2020 arbeitet er wieder als Oberarzt im Elisabethinen Krankenhaus Klagenfurt und betreibt nebenbei eine Wahlarztordination.<\/p>\n\n\n\n<p><strong><em>AMIS &#8211;  H\u00fcftgelenksersatz \u00fcber den minimalinvasiven, schmerzarmen, vorderen Zugang.<\/em><\/strong><\/p>\n\n\n\n<p>Dr. Peter Ambrozy hat die AMIS-Methode im EKH Klagenfurt bei Prim. Kuschnig sowie im Zuge einer Hospitation in  Paris bei Dr. Laude erlernt. Dr. Laude gilt als der &#8220;(Neu-)Erfinder&#8221; dieser schonenden Operationstechnik. Seit Beginn seiner T\u00e4tigkeit im EKH Klagenfurt wendet Dr. Ambrozy diese Technik nun regelm\u00e4\u00dfig an.<\/p>\n<\/div>\n<\/div>\n\n\n<div class=\"wp-block-image is-style-rounded\">\n<figure class=\"alignright size-large is-resized\"><img loading=\"lazy\" decoding=\"async\" src=\"https:\/\/www.drambrozy.at\/wp-content\/uploads\/2020\/08\/IMG-20150513-WA0010-1024x768.jpg\" alt=\"\" class=\"wp-image-4700\" width=\"768\" height=\"576\" srcset=\"https:\/\/www.drambrozy.at\/wp-content\/uploads\/2020\/08\/IMG-20150513-WA0010-1024x768.jpg 1024w, https:\/\/www.drambrozy.at\/wp-content\/uploads\/2020\/08\/IMG-20150513-WA0010-300x225.jpg 300w, https:\/\/www.drambrozy.at\/wp-content\/uploads\/2020\/08\/IMG-20150513-WA0010-768x576.jpg 768w, https:\/\/www.drambrozy.at\/wp-content\/uploads\/2020\/08\/IMG-20150513-WA0010.jpg 1280w\" sizes=\"auto, (max-width: 768px) 100vw, 768px\" \/><figcaption><em>Dr. Ambrozy<\/em> mit <em>Dr. Fr\u00e9d\u00e9ric Laude<\/em> 2015<\/figcaption><\/figure>\n<\/div>","protected":false},"excerpt":{"rendered":"<p>Dr. Ambrozy absolvierte sein Studium f\u00fcr Humanmedizin an der medizinischen Universit\u00e4t Graz. Die Ausbildung hin zum Oberarzt f\u00fcr Orthop\u00e4die und Traumatologie absolvierte er im Allgemeinen Krankenhaus (AKH) Wien, dem Lorenz B\u00f6hler Krankenhaus Wien (UKH; AUVA), dem Unfallkrankenhaus (UKH) Klagenfurt sowie im Elisabethinen Krankenhaus (EKH) Klagenfurt unter der Leitung von Prim. [&hellip;]<\/p>\n","protected":false},"author":1,"featured_media":4370,"parent":0,"menu_order":0,"comment_status":"closed","ping_status":"closed","template":"","meta":{"footnotes":""},"class_list":["post-4284","page","type-page","status-publish","has-post-thumbnail","hentry"],"yoast_head":"<!-- This site is optimized with the Yoast SEO plugin v26.6 - https:\/\/yoast.com\/wordpress\/plugins\/seo\/ -->\n<title>Dr. Ambrozy - Dr.med.univ. Peter Ambrozy<\/title>\n<meta name=\"description\" content=\"Dr. Ambrozy - Dr. Peter Ambrozy hat die AMIS-Methode im EKH Klagenfurt bei Prim. Kuschnig sowie im Zuge einer Hospitation in Paris bei Dr. Laude erlernt.\" \/>\n<meta name=\"robots\" content=\"index, follow, max-snippet:-1, max-image-preview:large, max-video-preview:-1\" \/>\n<link rel=\"canonical\" href=\"https:\/\/www.drambrozy.at\/\" \/>\n<meta property=\"og:locale\" content=\"en_US\" \/>\n<meta property=\"og:type\" content=\"article\" \/>\n<meta property=\"og:title\" content=\"Dr. Ambrozy - Dr.med.univ. Peter Ambrozy\" \/>\n<meta property=\"og:description\" content=\"Dr. Ambrozy - Dr. Peter Ambrozy hat die AMIS-Methode im EKH Klagenfurt bei Prim. Kuschnig sowie im Zuge einer Hospitation in Paris bei Dr. Laude erlernt.\" \/>\n<meta property=\"og:url\" content=\"https:\/\/www.drambrozy.at\/\" \/>\n<meta property=\"og:site_name\" content=\"Dr.med.univ. Peter Ambrozy\" \/>\n<meta property=\"article:modified_time\" content=\"2022-12-07T19:05:13+00:00\" \/>\n<meta property=\"og:image\" content=\"https:\/\/www.drambrozy.at\/wp-content\/uploads\/2020\/03\/greay-a.png\" \/>\n\t<meta property=\"og:image:width\" content=\"50\" \/>\n\t<meta property=\"og:image:height\" content=\"50\" \/>\n\t<meta property=\"og:image:type\" content=\"image\/png\" \/>\n<meta name=\"twitter:card\" content=\"summary_large_image\" \/>\n<meta name=\"twitter:label1\" content=\"Est. reading time\" \/>\n\t<meta name=\"twitter:data1\" content=\"2 minutes\" \/>\n<script type=\"application\/ld+json\" class=\"yoast-schema-graph\">{\"@context\":\"https:\/\/schema.org\",\"@graph\":[{\"@type\":\"WebPage\",\"@id\":\"https:\/\/www.drambrozy.at\/\",\"url\":\"https:\/\/www.drambrozy.at\/\",\"name\":\"Dr. Ambrozy - Dr.med.univ. Peter Ambrozy\",\"isPartOf\":{\"@id\":\"https:\/\/www.drambrozy.at\/#website\"},\"primaryImageOfPage\":{\"@id\":\"https:\/\/www.drambrozy.at\/#primaryimage\"},\"image\":{\"@id\":\"https:\/\/www.drambrozy.at\/#primaryimage\"},\"thumbnailUrl\":\"https:\/\/www.drambrozy.at\/wp-content\/uploads\/2020\/03\/greay-a.png\",\"datePublished\":\"2018-11-12T11:50:12+00:00\",\"dateModified\":\"2022-12-07T19:05:13+00:00\",\"description\":\"Dr. Ambrozy - Dr. Peter Ambrozy hat die AMIS-Methode im EKH Klagenfurt bei Prim. Kuschnig sowie im Zuge einer Hospitation in Paris bei Dr. Laude erlernt.\",\"breadcrumb\":{\"@id\":\"https:\/\/www.drambrozy.at\/#breadcrumb\"},\"inLanguage\":\"en-US\",\"potentialAction\":[{\"@type\":\"ReadAction\",\"target\":[\"https:\/\/www.drambrozy.at\/\"]}]},{\"@type\":\"ImageObject\",\"inLanguage\":\"en-US\",\"@id\":\"https:\/\/www.drambrozy.at\/#primaryimage\",\"url\":\"https:\/\/www.drambrozy.at\/wp-content\/uploads\/2020\/03\/greay-a.png\",\"contentUrl\":\"https:\/\/www.drambrozy.at\/wp-content\/uploads\/2020\/03\/greay-a.png\",\"width\":50,\"height\":50,\"caption\":\"Dr. Ambrozy\"},{\"@type\":\"BreadcrumbList\",\"@id\":\"https:\/\/www.drambrozy.at\/#breadcrumb\",\"itemListElement\":[{\"@type\":\"ListItem\",\"position\":1,\"name\":\"Home\",\"item\":\"https:\/\/www.drambrozy.at\/\"},{\"@type\":\"ListItem\",\"position\":2,\"name\":\"Dr. Ambrozy\"}]},{\"@type\":\"WebSite\",\"@id\":\"https:\/\/www.drambrozy.at\/#website\",\"url\":\"https:\/\/www.drambrozy.at\/\",\"name\":\"Dr.med.univ. Peter Ambrozy\",\"description\":\"Facharzt f\u00fcr Orthop\u00e4die und Traumatologie\",\"publisher\":{\"@id\":\"https:\/\/www.drambrozy.at\/#\/schema\/person\/74f2d4a160219202ccdd31cea3fca153\"},\"potentialAction\":[{\"@type\":\"SearchAction\",\"target\":{\"@type\":\"EntryPoint\",\"urlTemplate\":\"https:\/\/www.drambrozy.at\/?s={search_term_string}\"},\"query-input\":{\"@type\":\"PropertyValueSpecification\",\"valueRequired\":true,\"valueName\":\"search_term_string\"}}],\"inLanguage\":\"en-US\"},{\"@type\":[\"Person\",\"Organization\"],\"@id\":\"https:\/\/www.drambrozy.at\/#\/schema\/person\/74f2d4a160219202ccdd31cea3fca153\",\"name\":\"admin\",\"image\":{\"@type\":\"ImageObject\",\"inLanguage\":\"en-US\",\"@id\":\"https:\/\/www.drambrozy.at\/#\/schema\/person\/image\/\",\"url\":\"https:\/\/www.drambrozy.at\/wp-content\/uploads\/2021\/02\/cropped-logo_2_522_hplinkoben.png\",\"contentUrl\":\"https:\/\/www.drambrozy.at\/wp-content\/uploads\/2021\/02\/cropped-logo_2_522_hplinkoben.png\",\"width\":800,\"height\":535,\"caption\":\"admin\"},\"logo\":{\"@id\":\"https:\/\/www.drambrozy.at\/#\/schema\/person\/image\/\"}}]}<\/script>\n<!-- \/ Yoast SEO plugin. -->","yoast_head_json":{"title":"Dr. Ambrozy - Dr.med.univ. Peter Ambrozy","description":"Dr. Ambrozy - Dr. Peter Ambrozy hat die AMIS-Methode im EKH Klagenfurt bei Prim. Kuschnig sowie im Zuge einer Hospitation in Paris bei Dr. Laude erlernt.","robots":{"index":"index","follow":"follow","max-snippet":"max-snippet:-1","max-image-preview":"max-image-preview:large","max-video-preview":"max-video-preview:-1"},"canonical":"https:\/\/www.drambrozy.at\/","og_locale":"en_US","og_type":"article","og_title":"Dr. Ambrozy - Dr.med.univ. Peter Ambrozy","og_description":"Dr. Ambrozy - Dr. Peter Ambrozy hat die AMIS-Methode im EKH Klagenfurt bei Prim. Kuschnig sowie im Zuge einer Hospitation in Paris bei Dr. Laude erlernt.","og_url":"https:\/\/www.drambrozy.at\/","og_site_name":"Dr.med.univ. Peter Ambrozy","article_modified_time":"2022-12-07T19:05:13+00:00","og_image":[{"width":50,"height":50,"url":"https:\/\/www.drambrozy.at\/wp-content\/uploads\/2020\/03\/greay-a.png","type":"image\/png"}],"twitter_card":"summary_large_image","twitter_misc":{"Est. reading time":"2 minutes"},"schema":{"@context":"https:\/\/schema.org","@graph":[{"@type":"WebPage","@id":"https:\/\/www.drambrozy.at\/","url":"https:\/\/www.drambrozy.at\/","name":"Dr. Ambrozy - Dr.med.univ. Peter Ambrozy","isPartOf":{"@id":"https:\/\/www.drambrozy.at\/#website"},"primaryImageOfPage":{"@id":"https:\/\/www.drambrozy.at\/#primaryimage"},"image":{"@id":"https:\/\/www.drambrozy.at\/#primaryimage"},"thumbnailUrl":"https:\/\/www.drambrozy.at\/wp-content\/uploads\/2020\/03\/greay-a.png","datePublished":"2018-11-12T11:50:12+00:00","dateModified":"2022-12-07T19:05:13+00:00","description":"Dr. Ambrozy - Dr. Peter Ambrozy hat die AMIS-Methode im EKH Klagenfurt bei Prim. Kuschnig sowie im Zuge einer Hospitation in Paris bei Dr. Laude erlernt.","breadcrumb":{"@id":"https:\/\/www.drambrozy.at\/#breadcrumb"},"inLanguage":"en-US","potentialAction":[{"@type":"ReadAction","target":["https:\/\/www.drambrozy.at\/"]}]},{"@type":"ImageObject","inLanguage":"en-US","@id":"https:\/\/www.drambrozy.at\/#primaryimage","url":"https:\/\/www.drambrozy.at\/wp-content\/uploads\/2020\/03\/greay-a.png","contentUrl":"https:\/\/www.drambrozy.at\/wp-content\/uploads\/2020\/03\/greay-a.png","width":50,"height":50,"caption":"Dr. Ambrozy"},{"@type":"BreadcrumbList","@id":"https:\/\/www.drambrozy.at\/#breadcrumb","itemListElement":[{"@type":"ListItem","position":1,"name":"Home","item":"https:\/\/www.drambrozy.at\/"},{"@type":"ListItem","position":2,"name":"Dr. Ambrozy"}]},{"@type":"WebSite","@id":"https:\/\/www.drambrozy.at\/#website","url":"https:\/\/www.drambrozy.at\/","name":"Dr.med.univ. Peter Ambrozy","description":"Facharzt f\u00fcr Orthop\u00e4die und Traumatologie","publisher":{"@id":"https:\/\/www.drambrozy.at\/#\/schema\/person\/74f2d4a160219202ccdd31cea3fca153"},"potentialAction":[{"@type":"SearchAction","target":{"@type":"EntryPoint","urlTemplate":"https:\/\/www.drambrozy.at\/?s={search_term_string}"},"query-input":{"@type":"PropertyValueSpecification","valueRequired":true,"valueName":"search_term_string"}}],"inLanguage":"en-US"},{"@type":["Person","Organization"],"@id":"https:\/\/www.drambrozy.at\/#\/schema\/person\/74f2d4a160219202ccdd31cea3fca153","name":"admin","image":{"@type":"ImageObject","inLanguage":"en-US","@id":"https:\/\/www.drambrozy.at\/#\/schema\/person\/image\/","url":"https:\/\/www.drambrozy.at\/wp-content\/uploads\/2021\/02\/cropped-logo_2_522_hplinkoben.png","contentUrl":"https:\/\/www.drambrozy.at\/wp-content\/uploads\/2021\/02\/cropped-logo_2_522_hplinkoben.png","width":800,"height":535,"caption":"admin"},"logo":{"@id":"https:\/\/www.drambrozy.at\/#\/schema\/person\/image\/"}}]}},"_links":{"self":[{"href":"https:\/\/www.drambrozy.at\/index.php?rest_route=\/wp\/v2\/pages\/4284","targetHints":{"allow":["GET"]}}],"collection":[{"href":"https:\/\/www.drambrozy.at\/index.php?rest_route=\/wp\/v2\/pages"}],"about":[{"href":"https:\/\/www.drambrozy.at\/index.php?rest_route=\/wp\/v2\/types\/page"}],"author":[{"embeddable":true,"href":"https:\/\/www.drambrozy.at\/index.php?rest_route=\/wp\/v2\/users\/1"}],"replies":[{"embeddable":true,"href":"https:\/\/www.drambrozy.at\/index.php?rest_route=%2Fwp%2Fv2%2Fcomments&post=4284"}],"version-history":[{"count":26,"href":"https:\/\/www.drambrozy.at\/index.php?rest_route=\/wp\/v2\/pages\/4284\/revisions"}],"predecessor-version":[{"id":4771,"href":"https:\/\/www.drambrozy.at\/index.php?rest_route=\/wp\/v2\/pages\/4284\/revisions\/4771"}],"wp:featuredmedia":[{"embeddable":true,"href":"https:\/\/www.drambrozy.at\/index.php?rest_route=\/wp\/v2\/media\/4370"}],"wp:attachment":[{"href":"https:\/\/www.drambrozy.at\/index.php?rest_route=%2Fwp%2Fv2%2Fmedia&parent=4284"}],"curies":[{"name":"wp","href":"https:\/\/api.w.org\/{rel}","templated":true}]}}